{"id":1369,"date":"2018-11-17T00:31:34","date_gmt":"2018-11-17T06:31:34","guid":{"rendered":"http:\/\/sw-themes.com\/porto_dummy\/?page_id=1369"},"modified":"2022-05-17T16:50:39","modified_gmt":"2022-05-17T22:50:39","slug":"blog","status":"publish","type":"page","link":"https:\/\/www.creditotexas.com\/en\/blog\/","title":{"rendered":"Blog"},"content":{"rendered":"<div data-elementor-type=\"wp-post\" data-elementor-id=\"1369\" class=\"elementor elementor-1369\">\n\t\t\t\t\t\t<section class=\"elementor-section elementor-top-section elementor-element elementor-element-c92ffb0 elementor-section-boxed elementor-section-height-default elementor-section-height-default\" data-id=\"c92ffb0\" data-element_type=\"section\">\r\n\t\t\t\r\n\t\t\t\t\t\t\t\t\t<div class=\"elementor-container elementor-column-gap-default\">\r\n\t\t\t\t\t\t\t\t<div class=\"elementor-row\">\r\n\t\t\t\t\t\t\t<div class=\"elementor-column elementor-col-100 elementor-top-column elementor-element elementor-element-46814bb\" data-id=\"46814bb\" data-element_type=\"column\">\r\n\r\n\t\t\t\t\t<div class=\"elementor-column-wrap elementor-element-populated\">\r\n\t\t\t\t\t\t\t<div class=\"elementor-widget-wrap\">\r\n\t\t\t\t\t\t<div class=\"elementor-element elementor-element-e006a11 elementor-widget elementor-widget-heading\" data-id=\"e006a11\" data-element_type=\"widget\" data-widget_type=\"heading.default\">\n\t\t\t\t<div class=\"elementor-widget-container\">\n\t\t\t<h2 class=\"elementor-heading-title elementor-size-default\">Aprender para Ganar #001<\/h2>\t\t<\/div>\n\t\t\t\t<\/div>\n\t\t\t\t<div class=\"elementor-element elementor-element-c1bc159 elementor-widget elementor-widget-video\" data-id=\"c1bc159\" data-element_type=\"widget\" data-settings=\"{&quot;youtube_url&quot;:&quot;https:\\\/\\\/www.youtube.com\\\/watch?v=GOYutctv5ak&amp;list=PLN5B0nzng7dgVdUbAT5WyBXItd65PFYsD&quot;,&quot;video_type&quot;:&quot;youtube&quot;,&quot;controls&quot;:&quot;yes&quot;}\" data-widget_type=\"video.default\">\n\t\t\t\t<div class=\"elementor-widget-container\">\n\t\t\t\t\t<div class=\"elementor-wrapper elementor-open-inline\">\n\t\t\t<div class=\"elementor-video\"><\/div>\t\t<\/div>\n\t\t\t\t<\/div>\n\t\t\t\t<\/div>\n\t\t\t\t<div class=\"elementor-element elementor-element-9e4c8b5 elementor-widget elementor-widget-spacer\" data-id=\"9e4c8b5\" data-element_type=\"widget\" data-widget_type=\"spacer.default\">\n\t\t\t\t<div class=\"elementor-widget-container\">\n\t\t\t\t\t<div class=\"elementor-spacer\">\n\t\t\t<div class=\"elementor-spacer-inner\"><\/div>\n\t\t<\/div>\n\t\t\t\t<\/div>\n\t\t\t\t<\/div>\n\t\t\t\t<div class=\"elementor-element elementor-element-44bb324 elementor-widget elementor-widget-text-editor\" data-id=\"44bb324\" data-element_type=\"widget\" data-widget_type=\"text-editor.default\">\n\t\t\t\t<div class=\"elementor-widget-container\">\n\t\t\t\t\t\t\t<p class=\"MsoNormal\" style=\"margin: 0cm; font-size: medium; font-family: Calibri, sans-serif; caret-color: #000000; color: #000000; letter-spacing: normal;\">El puntaje de cr\u00e9dito puede ser el factor m\u00e1s importante para determinar si puedes obtener un pr\u00e9stamo y cu\u00e1nto te costar\u00eda, adem\u00e1s ayuda a un prestamista evaluar que tan responsable es con sus finanzas. Por ello un puntaje bajo puede da\u00f1ar su capacidad futura para pedir dinero prestado y aunque es posible que pueda conseguir las cosas que necesita como un pr\u00e9stamo hipotecario o un pr\u00e9stamo de autom\u00f3vil podr\u00eda costarle a\u00fan m\u00e1s a largo plazo y eso se debe a que es probable que le cobra una tasa de inter\u00e9s m\u00e1s alta. Un cr\u00e9dito malo puede afectarle en \u00e1reas de su vida que ni se imaginar\u00eda por ejemplo cuando pide un empleo o contrate un seguro.<\/p><p class=\"MsoNormal\" style=\"margin: 0cm; font-size: medium; font-family: Calibri, sans-serif; caret-color: #000000; color: #000000; letter-spacing: normal;\">\u00a0<\/p><p class=\"MsoNormal\" style=\"margin: 0cm; font-size: medium; font-family: Calibri, sans-serif; caret-color: #000000; color: #000000; letter-spacing: normal;\">Para construir tu cr\u00e9dito o proteger el que ya tienes, existen cinco cosas que debes saber:\u00a0<\/p><ul><li class=\"MsoNormal\" style=\"font-size: medium; font-family: Calibri, sans-serif; caret-color: #000000; color: #000000; letter-spacing: normal;\">El primero es el historial de pago y el de mayor importancia, as\u00ed que que paga a tiempo y nunca dejes de hacer un pago.<\/li><li class=\"MsoNormal\" style=\"font-size: medium; font-family: Calibri, sans-serif; caret-color: #000000; color: #000000; letter-spacing: normal;\">El segundo factor es la cantidad que debes, mientras m\u00e1s baja es mejor y no rebase el 30% del l\u00edmite de cr\u00e9dito otorgado.<\/li><li class=\"MsoNormal\" style=\"font-size: medium; font-family: Calibri, sans-serif; caret-color: #000000; color: #000000; letter-spacing: normal;\">El tercero es el historial de cr\u00e9dito y muestra cu\u00e1nto tiempo ha usado su cr\u00e9dito y si ha responsable.<\/li><li class=\"MsoNormal\" style=\"font-size: medium; font-family: Calibri, sans-serif; caret-color: #000000; color: #000000; letter-spacing: normal;\">El cuarto es la combinaci\u00f3n de los tipos de cr\u00e9dito que tiene, desde hipotecas hasta tarjetas de cr\u00e9dito, prestamos de auto, etc.<\/li><li class=\"MsoNormal\" style=\"font-size: medium; font-family: Calibri, sans-serif; caret-color: #000000; color: #000000; letter-spacing: normal;\">El ultimo es la antig\u00fcedad de cr\u00e9dito, asi que debemos tener cuidado al pedir nuevos cr\u00e9ditos como en centros comerciales que ofrecen descuentos pero aunque podr\u00e9 ahorrar un poco en ese momento considere las consecuencias de abrir y pagar una cuenta m\u00e1s.<\/li><\/ul><p class=\"MsoNormal\" style=\"margin: 0cm; font-size: medium; font-family: Calibri, sans-serif; caret-color: #000000; color: #000000; letter-spacing: normal;\">Recuerda, es importante revisar tu informe de cr\u00e9dito y corregir cualquier error en el lo antes posible y si es necesario pide ayuda a un experto, pues tener un puntaje de cr\u00e9dito alto te dar\u00e1 estabilidad y tranquilidad, algo que el dinero no puede comprar.<\/p>\t\t\t\t\t\t<\/div>\n\t\t\t\t<\/div>\n\t\t\t\t\t\t<\/div>\r\n\t\t\t\t\t<\/div>\r\n\t\t\t\t<\/div>\r\n\t\t\t\t\t\t<\/div>\r\n\t\t\t\t\t<\/div>\r\n\t\t\t\t<\/section>\r\n\t\t\t\t<section class=\"elementor-section elementor-top-section elementor-element elementor-element-03aa3b7 m-b-lg elementor-section-boxed elementor-section-height-default elementor-section-height-default\" data-id=\"03aa3b7\" data-element_type=\"section\">\r\n\t\t\t\r\n\t\t\t\t\t\t\t\t\t<div class=\"elementor-container elementor-column-gap-no\">\r\n\t\t\t\t\t\t\t\t<div class=\"elementor-row\">\r\n\t\t\t\t\t\t\t<div class=\"elementor-column elementor-col-100 elementor-top-column elementor-element elementor-element-c979a5c\" data-id=\"c979a5c\" data-element_type=\"column\">\r\n\r\n\t\t\t\t\t<div class=\"elementor-column-wrap elementor-element-populated\">\r\n\t\t\t\t\t\t\t<div class=\"elementor-widget-wrap\">\r\n\t\t\t\t\t\t<div class=\"elementor-element elementor-element-df0a6a2 elementor-widget elementor-widget-porto_blog\" data-id=\"df0a6a2\" data-element_type=\"widget\" data-widget_type=\"porto_blog.default\">\n\t\t\t\t<div class=\"elementor-widget-container\">\n\t\t\t<div id=\"porto-blog-5718\" class=\"porto-blog wpb_content_element\">\n\t\t<div class=\"blog-posts posts-timeline\">\n\t\t\t<section class=\"timeline\">\n\t\t\t\t<div class=\"timeline-body\">\n\n\t\t\t<div class=\"timeline-date\"><h3>October 2021<\/h3><\/div>\n\t<article class=\"timeline-box left post-6 post type-post status-publish format-video hentry category-media tag-credit-card-debt post_format-post-format-video\">\n\t\t\t<div class=\"post-image single\">\n\t\t<div class=\"img-thumbnail fit-video\">\n\t\t\t<video class=\"embed-responsive-item\" autoplay=\"\" muted=\"\" loop=\"\" controls=\"\">\r\n  <source src=\"\/\/sw-themes.com\/porto_dummy\/wp-content\/uploads\/videos\/memory-of-a-woman.mp4\" type=\"video\/mp4\">\r\n<\/video>\t\t<\/div>\n\t\t\n\t\t\t<\/div>\n\n\t\t<!-- Post meta before content -->\n\t\t\t\n\t\t\t<div class=\"post-content\">\n\t\t\t\t<h4 class=\"entry-title\"><a href=\"https:\/\/www.creditotexas.com\/en\/2021\/10\/29\/sed-elementum-massa-volutpat\/\">Don't miss the new Credito Texas video!<\/a><\/h4>\n\t\t\t\t<span class=\"vcard\" style=\"display: none;\"><span class=\"fn\"><a href=\"https:\/\/www.creditotexas.com\/en\/author\/creditotexasadmin\/\" title=\"Posts by creditotexasadmin\" rel=\"author\">creditotexasadmin<\/a><\/span><\/span><span class=\"updated\" style=\"display:none\">2021-11-06T10:02:42-06:00<\/span><p class=\"post-excerpt\">Finding the right credit card debt reduction strategy for your budget.\nYou may be wondering why you need a debt reduction strategy. After all, credit card companies offer minimum payment requirements on your monthly credit card statements, so you...<\/p>\n\t\t\t\t\n\t\t\t<\/div>\n\n\t\t\t<!-- Post meta after content -->\n\t\t\t\t<div class=\"post-meta\"><span class=\"meta-date\"><i class=\"far fa-calendar-alt\"><\/i>October 29, 2021<\/span><\/div><div class=\"post-meta\"><span class=\"meta-author\"><i class=\"far fa-user\"><\/i>By <a href=\"https:\/\/www.creditotexas.com\/en\/author\/creditotexasadmin\/\" title=\"Posts by creditotexasadmin\" rel=\"author\">creditotexasadmin<\/a><\/span><span class=\"meta-cats\"><i class=\"far fa-folder\"><\/i><a href=\"https:\/\/www.creditotexas.com\/en\/category\/markup\/media\/\" rel=\"category tag\">Media<\/a><\/span><span class=\"meta-tags\"><i class=\"far fa-envelope\"><\/i><a href=\"https:\/\/www.creditotexas.com\/en\/tag\/credit-card-debt\/\" rel=\"tag\">Credit Card Debt<\/a><\/span><span class=\"meta-comments\"><i class=\"far fa-comments\"><\/i><a href=\"https:\/\/www.creditotexas.com\/en\/2021\/10\/29\/sed-elementum-massa-volutpat\/#respond\" title=\"Comment on No te pierdas el nuevo video de Cr\u00e9dito Texas!\">0 Comments<\/a><\/span><\/div>\n\t\t\t<div class=\"clearfix\">\n\t\t\t\t<a class=\"btn btn-xs btn-default text-xs text-uppercase\" href=\"https:\/\/www.creditotexas.com\/en\/2021\/10\/29\/sed-elementum-massa-volutpat\/\">Read more...<\/a>\n\t\t\t<\/div>\n\t\t\t<\/article>\n\t<article class=\"timeline-box right post-18 post type-post status-publish format-standard has-post-thumbnail hentry category-markup category-media tag-credito\">\n\t\t\t<div class=\"post-image\">\n\t\t<div class=\"post-slideshow porto-carousel owl-carousel nav-inside nav-inside-center nav-style-2 show-nav-hover has-ccols ccols-1\" data-plugin-options='{\"nav\":true}'>\n\t\t\t\t\t\t\t\t\t\t\t<a href=\"https:\/\/www.creditotexas.com\/en\/2021\/10\/14\/la-manera-inteligente-de-reparar-tu-credito\/\">\n\t\t\t\t\t\t\t\t<div class=\"img-thumbnail\">\n\t\t\t\t\t\t<img fetchpriority=\"high\" decoding=\"async\" width=\"640\" height=\"427\" src=\"https:\/\/www.creditotexas.com\/wp-content\/uploads\/2016\/06\/creditproblems-m-640x427.jpg\" class=\"owl-lazy img-responsive\" alt=\"\" srcset=\"https:\/\/www.creditotexas.com\/wp-content\/uploads\/2016\/06\/creditproblems-m-640x427.jpg 640w, https:\/\/www.creditotexas.com\/wp-content\/uploads\/2016\/06\/creditproblems-m-600x400.jpg 600w, https:\/\/www.creditotexas.com\/wp-content\/uploads\/2016\/06\/creditproblems-m-400x267.jpg 400w, https:\/\/www.creditotexas.com\/wp-content\/uploads\/2016\/06\/creditproblems-m-367x245.jpg 367w\" sizes=\"(max-width: 640px) 100vw, 640px\" \/>\t\t\t\t\t\t\t\t\t\t\t\t\t<span class=\"zoom\" data-src=\"https:\/\/www.creditotexas.com\/wp-content\/uploads\/2016\/06\/creditproblems-m.jpg\" data-title=\"\"><i class=\"fas fa-search\"><\/i><\/span>\n\t\t\t\t\t\t\t\t\t\t\t<\/div>\n\t\t\t\t\t\t\t\t<\/a>\n\t\t\t\t\t\t\t\t\t\t\t\t\t\t<a href=\"https:\/\/www.creditotexas.com\/en\/2021\/10\/14\/la-manera-inteligente-de-reparar-tu-credito\/\">\n\t\t\t\t\t\t\t\t<div class=\"img-thumbnail\">\n\t\t\t\t\t\t<img decoding=\"async\" width=\"640\" height=\"267\" src=\"https:\/\/www.creditotexas.com\/wp-content\/uploads\/2016\/06\/blog-21-640x267.jpg\" class=\"owl-lazy img-responsive\" alt=\"\" srcset=\"https:\/\/www.creditotexas.com\/wp-content\/uploads\/2016\/06\/blog-21-640x267.jpg 640w, https:\/\/www.creditotexas.com\/wp-content\/uploads\/2016\/06\/blog-21-600x250.jpg 600w, https:\/\/www.creditotexas.com\/wp-content\/uploads\/2016\/06\/blog-21-400x167.jpg 400w, https:\/\/www.creditotexas.com\/wp-content\/uploads\/2016\/06\/blog-21-367x153.jpg 367w\" sizes=\"(max-width: 640px) 100vw, 640px\" \/>\t\t\t\t\t\t\t\t\t\t\t\t\t<span class=\"zoom\" data-src=\"https:\/\/www.creditotexas.com\/wp-content\/uploads\/2016\/06\/blog-21.jpg\" data-title=\"\"><i class=\"fas fa-search\"><\/i><\/span>\n\t\t\t\t\t\t\t\t\t\t\t<\/div>\n\t\t\t\t\t\t\t\t<\/a>\n\t\t\t\t\t\t\t\t\t\t\t\t\t\t<a href=\"https:\/\/www.creditotexas.com\/en\/2021\/10\/14\/la-manera-inteligente-de-reparar-tu-credito\/\">\n\t\t\t\t\t\t\t\t<div class=\"img-thumbnail\">\n\t\t\t\t\t\t<img decoding=\"async\" width=\"640\" height=\"267\" src=\"https:\/\/www.creditotexas.com\/wp-content\/uploads\/2016\/06\/blog-20-640x267.jpg\" class=\"owl-lazy img-responsive\" alt=\"\" srcset=\"https:\/\/www.creditotexas.com\/wp-content\/uploads\/2016\/06\/blog-20-640x267.jpg 640w, https:\/\/www.creditotexas.com\/wp-content\/uploads\/2016\/06\/blog-20-600x250.jpg 600w, https:\/\/www.creditotexas.com\/wp-content\/uploads\/2016\/06\/blog-20-400x167.jpg 400w, https:\/\/www.creditotexas.com\/wp-content\/uploads\/2016\/06\/blog-20-367x153.jpg 367w\" sizes=\"(max-width: 640px) 100vw, 640px\" \/>\t\t\t\t\t\t\t\t\t\t\t\t\t<span class=\"zoom\" data-src=\"https:\/\/www.creditotexas.com\/wp-content\/uploads\/2016\/06\/blog-20.jpg\" data-title=\"\"><i class=\"fas fa-search\"><\/i><\/span>\n\t\t\t\t\t\t\t\t\t\t\t<\/div>\n\t\t\t\t\t\t\t\t<\/a>\n\t\t\t\t\t\t\t\t<\/div>\n\t\t\n\t\t\t<\/div>\n\n\t\t<!-- Post meta before content -->\n\t\t\t\n\t\t\t<div class=\"post-content\">\n\t\t\t\t<h4 class=\"entry-title\"><a href=\"https:\/\/www.creditotexas.com\/en\/2021\/10\/14\/la-manera-inteligente-de-reparar-tu-credito\/\">The smart way to repair your credit<\/a><\/h4>\n\t\t\t\t<span class=\"vcard\" style=\"display: none;\"><span class=\"fn\"><a href=\"https:\/\/www.creditotexas.com\/en\/author\/creditotexasadmin\/\" title=\"Posts by creditotexasadmin\" rel=\"author\">creditotexasadmin<\/a><\/span><\/span><span class=\"updated\" style=\"display:none\">2021-10-29T22:32:57-06:00<\/span><p class=\"post-excerpt\">What can I do about errors on credit reports?\nWhat most people don't realize is that credit reports can sometimes contain many errors. Fix credit report errors as soon as possible before they get worse. It has been suggested that credit reports...<\/p>\n\t\t\t\t\n\t\t\t<\/div>\n\n\t\t\t<!-- Post meta after content -->\n\t\t\t\t<div class=\"post-meta\"><span class=\"meta-date\"><i class=\"far fa-calendar-alt\"><\/i>October 14, 2021<\/span><\/div><div class=\"post-meta\"><span class=\"meta-author\"><i class=\"far fa-user\"><\/i>By <a href=\"https:\/\/www.creditotexas.com\/en\/author\/creditotexasadmin\/\" title=\"Posts by creditotexasadmin\" rel=\"author\">creditotexasadmin<\/a><\/span><span class=\"meta-cats\"><i class=\"far fa-folder\"><\/i><a href=\"https:\/\/www.creditotexas.com\/en\/category\/markup\/\" rel=\"category tag\">Markup<\/a>, <a href=\"https:\/\/www.creditotexas.com\/en\/category\/markup\/media\/\" rel=\"category tag\">Media<\/a><\/span><span class=\"meta-tags\"><i class=\"far fa-envelope\"><\/i><a href=\"https:\/\/www.creditotexas.com\/en\/tag\/credito\/\" rel=\"tag\">Cr\u00e9dito<\/a><\/span><span class=\"meta-comments\"><i class=\"far fa-comments\"><\/i><a href=\"https:\/\/www.creditotexas.com\/en\/2021\/10\/14\/la-manera-inteligente-de-reparar-tu-credito\/#comments\" title=\"Comment on La manera inteligente de reparar tu cr\u00e9dito\">1 Comment<\/a><\/span><\/div>\n\t\t\t<div class=\"clearfix\">\n\t\t\t\t<a class=\"btn btn-xs btn-default text-xs text-uppercase\" href=\"https:\/\/www.creditotexas.com\/en\/2021\/10\/14\/la-manera-inteligente-de-reparar-tu-credito\/\">Read more...<\/a>\n\t\t\t<\/div>\n\t\t\t<\/article>\n\t<div class=\"timeline-date\"><h3>September 2021<\/h3><\/div>\n\t<article class=\"timeline-box left post-19 post type-post status-publish format-standard has-post-thumbnail hentry category-articles category-asides tag-credito\">\n\t\t\t<div class=\"post-image single\">\n\t\t<div class=\"post-slideshow porto-carousel owl-carousel nav-inside nav-inside-center nav-style-2 show-nav-hover has-ccols ccols-1\" data-plugin-options='{\"nav\":true}'>\n\t\t\t\t\t\t\t\t\t\t\t<a href=\"https:\/\/www.creditotexas.com\/en\/2021\/09\/13\/porque-bajo-tu-puntaje-de-credito\/\">\n\t\t\t\t\t\t\t\t<div class=\"img-thumbnail\">\n\t\t\t\t\t\t<img loading=\"lazy\" decoding=\"async\" width=\"640\" height=\"427\" src=\"https:\/\/www.creditotexas.com\/wp-content\/uploads\/2019\/06\/credito-1-m-640x427.jpg\" class=\"owl-lazy img-responsive\" alt=\"\" srcset=\"https:\/\/www.creditotexas.com\/wp-content\/uploads\/2019\/06\/credito-1-m-640x427.jpg 640w, https:\/\/www.creditotexas.com\/wp-content\/uploads\/2019\/06\/credito-1-m-600x400.jpg 600w, https:\/\/www.creditotexas.com\/wp-content\/uploads\/2019\/06\/credito-1-m-400x267.jpg 400w, https:\/\/www.creditotexas.com\/wp-content\/uploads\/2019\/06\/credito-1-m-367x245.jpg 367w\" sizes=\"(max-width: 640px) 100vw, 640px\" \/>\t\t\t\t\t\t\t\t\t\t\t\t\t<span class=\"zoom\" data-src=\"https:\/\/www.creditotexas.com\/wp-content\/uploads\/2019\/06\/credito-1-m.jpg\" data-title=\"\"><i class=\"fas fa-search\"><\/i><\/span>\n\t\t\t\t\t\t\t\t\t\t\t<\/div>\n\t\t\t\t\t\t\t\t<\/a>\n\t\t\t\t\t\t\t\t<\/div>\n\t\t\n\t\t\t<\/div>\n\n\t\t<!-- Post meta before content -->\n\t\t\t\n\t\t\t<div class=\"post-content\">\n\t\t\t\t<h4 class=\"entry-title\"><a href=\"https:\/\/www.creditotexas.com\/en\/2021\/09\/13\/porque-bajo-tu-puntaje-de-credito\/\">Not sure why your credit score has dropped?<\/a><\/h4>\n\t\t\t\t<span class=\"vcard\" style=\"display: none;\"><span class=\"fn\"><a href=\"https:\/\/www.creditotexas.com\/en\/author\/creditotexasadmin\/\" title=\"Posts by creditotexasadmin\" rel=\"author\">creditotexasadmin<\/a><\/span><\/span><span class=\"updated\" style=\"display:none\">2021-10-29T22:35:12-06:00<\/span><p class=\"post-excerpt\">As you may have noticed, your credit score can change daily. There are many factors that make up your credit score, from what appears on your reports, to your credit usage habits. Your credit reports are calculated by the credit bureaus and leave you with a score that contains your reputation...<\/p>\n\t\t\t\t\n\t\t\t<\/div>\n\n\t\t\t<!-- Post meta after content -->\n\t\t\t\t<div class=\"post-meta\"><span class=\"meta-date\"><i class=\"far fa-calendar-alt\"><\/i>September 13, 2021<\/span><\/div><div class=\"post-meta\"><span class=\"meta-author\"><i class=\"far fa-user\"><\/i>By <a href=\"https:\/\/www.creditotexas.com\/en\/author\/creditotexasadmin\/\" title=\"Posts by creditotexasadmin\" rel=\"author\">creditotexasadmin<\/a><\/span><span class=\"meta-cats\"><i class=\"far fa-folder\"><\/i><a href=\"https:\/\/www.creditotexas.com\/en\/category\/articles\/\" rel=\"category tag\">Articles<\/a>, <a href=\"https:\/\/www.creditotexas.com\/en\/category\/articles\/asides\/\" rel=\"category tag\">Asides<\/a><\/span><span class=\"meta-tags\"><i class=\"far fa-envelope\"><\/i><a href=\"https:\/\/www.creditotexas.com\/en\/tag\/credito\/\" rel=\"tag\">Cr\u00e9dito<\/a><\/span><span class=\"meta-comments\"><i class=\"far fa-comments\"><\/i><a href=\"https:\/\/www.creditotexas.com\/en\/2021\/09\/13\/porque-bajo-tu-puntaje-de-credito\/#comments\" title=\"Comment on \u00bfNo sabes por qu\u00e9 ha bajado tu puntaje de cr\u00e9dito?\">2 Comments<\/a><\/span><\/div>\n\t\t\t<div class=\"clearfix\">\n\t\t\t\t<a class=\"btn btn-xs btn-default text-xs text-uppercase\" href=\"https:\/\/www.creditotexas.com\/en\/2021\/09\/13\/porque-bajo-tu-puntaje-de-credito\/\">Read more...<\/a>\n\t\t\t<\/div>\n\t\t\t<\/article>\n\n\t\n\t\t\t\t<\/div>\n\t\t\t<\/section>\n\t\t<\/div>\n\n\t\n\t\t\t\t\n\t<\/div>\t\t<\/div>\n\t\t\t\t<\/div>\n\t\t\t\t\t\t<\/div>\r\n\t\t\t\t\t<\/div>\r\n\t\t\t\t<\/div>\r\n\t\t\t\t\t\t<\/div>\r\n\t\t\t\t\t<\/div>\r\n\t\t\t\t<\/section>\r\n\t\t\t\t<\/div>","protected":false},"excerpt":{"rendered":"<p>Aprender para Ganar #001 El puntaje de cr\u00e9dito puede ser el factor m\u00e1s importante para determinar si puedes obtener un pr\u00e9stamo y cu\u00e1nto te costar\u00eda, adem\u00e1s ayuda a un prestamista evaluar que tan responsable es con sus finanzas. Por ello un puntaje bajo puede da\u00f1ar su capacidad futura para pedir dinero prestado y aunque es [&hellip;]<\/p>","protected":false},"author":1,"featured_media":0,"parent":0,"menu_order":0,"comment_status":"closed","ping_status":"closed","template":"","meta":{"_mo_disable_npp":"","footnotes":""},"class_list":["post-1369","page","type-page","status-publish","hentry"],"_links":{"self":[{"href":"https:\/\/www.creditotexas.com\/en\/wp-json\/wp\/v2\/pages\/1369","targetHints":{"allow":["GET"]}}],"collection":[{"href":"https:\/\/www.creditotexas.com\/en\/wp-json\/wp\/v2\/pages"}],"about":[{"href":"https:\/\/www.creditotexas.com\/en\/wp-json\/wp\/v2\/types\/page"}],"author":[{"embeddable":true,"href":"https:\/\/www.creditotexas.com\/en\/wp-json\/wp\/v2\/users\/1"}],"replies":[{"embeddable":true,"href":"https:\/\/www.creditotexas.com\/en\/wp-json\/wp\/v2\/comments?post=1369"}],"version-history":[{"count":5,"href":"https:\/\/www.creditotexas.com\/en\/wp-json\/wp\/v2\/pages\/1369\/revisions"}],"predecessor-version":[{"id":7218,"href":"https:\/\/www.creditotexas.com\/en\/wp-json\/wp\/v2\/pages\/1369\/revisions\/7218"}],"wp:attachment":[{"href":"https:\/\/www.creditotexas.com\/en\/wp-json\/wp\/v2\/media?parent=1369"}],"curies":[{"name":"wp","href":"https:\/\/api.w.org\/{rel}","templated":true}]}}