{"id":70,"date":"2016-06-14T05:29:12","date_gmt":"2016-06-14T05:29:12","guid":{"rendered":"http:\/\/sw-themes.com\/porto_dummy\/?page_id=70"},"modified":"2022-01-04T14:13:15","modified_gmt":"2022-01-04T20:13:15","slug":"nuestras-oficinas","status":"publish","type":"page","link":"https:\/\/www.creditotexas.com\/en\/nuestras-oficinas\/","title":{"rendered":"Our Offices"},"content":{"rendered":"<div data-elementor-type=\"wp-page\" data-elementor-id=\"70\" class=\"elementor elementor-70\">\n\t\t\t\t\t\t<section class=\"elementor-section elementor-top-section elementor-element elementor-element-ce9c611 p-b-lg elementor-section-boxed elementor-section-height-default elementor-section-height-default\" data-id=\"ce9c611\" data-element_type=\"section\">\r\n\t\t\t\r\n\t\t\t\t\t\t\t\t\t<div class=\"elementor-container elementor-column-gap-no\">\r\n\t\t\t\t\t\t\t\t<div class=\"elementor-row\">\r\n\t\t\t\t\t\t\t<div class=\"elementor-column elementor-col-100 elementor-top-column elementor-element elementor-element-1421ffc\" data-id=\"1421ffc\" data-element_type=\"column\">\r\n\r\n\t\t\t\t\t<div class=\"elementor-column-wrap elementor-element-populated\">\r\n\t\t\t\t\t\t\t<div class=\"elementor-widget-wrap\">\r\n\t\t\t\t\t\t<div class=\"elementor-element elementor-element-8fcd80a m-b elementor-pagination-position-outside elementor-widget elementor-widget-image-carousel\" data-id=\"8fcd80a\" data-element_type=\"widget\" data-settings=\"{&quot;slides_to_show&quot;:&quot;1&quot;,&quot;navigation&quot;:&quot;dots&quot;,&quot;autoplay_speed&quot;:&quot;3000&quot;,&quot;autoplay&quot;:&quot;yes&quot;,&quot;pause_on_hover&quot;:&quot;yes&quot;,&quot;pause_on_interaction&quot;:&quot;yes&quot;,&quot;infinite&quot;:&quot;yes&quot;,&quot;effect&quot;:&quot;slide&quot;,&quot;speed&quot;:500}\" data-widget_type=\"image-carousel.default\">\n\t\t\t\t<div class=\"elementor-widget-container\">\n\t\t\t\t\t<div class=\"elementor-image-carousel-wrapper swiper\" dir=\"ltr\">\n\t\t\t<div class=\"elementor-image-carousel swiper-wrapper\" aria-live=\"off\">\n\t\t\t\t\t\t\t\t<div class=\"swiper-slide\" role=\"group\" aria-roledescription=\"slide\" aria-label=\"1 of 5\"><figure class=\"swiper-slide-inner\"><img decoding=\"async\" class=\"swiper-slide-image\" src=\"https:\/\/www.creditotexas.com\/wp-content\/uploads\/2021\/11\/Creditotexas-Office-2.jpg\" alt=\"Front\" \/><figcaption class=\"elementor-image-carousel-caption\">Front<\/figcaption><\/figure><\/div><div class=\"swiper-slide\" role=\"group\" aria-roledescription=\"slide\" aria-label=\"2 of 5\"><figure class=\"swiper-slide-inner\"><img decoding=\"async\" class=\"swiper-slide-image\" src=\"https:\/\/www.creditotexas.com\/wp-content\/uploads\/2021\/11\/Creditotexas-Office-1.jpg\" alt=\"Aerial\" \/><figcaption class=\"elementor-image-carousel-caption\">Aerial<\/figcaption><\/figure><\/div><div class=\"swiper-slide\" role=\"group\" aria-roledescription=\"slide\" aria-label=\"3 of 5\"><figure class=\"swiper-slide-inner\"><img decoding=\"async\" class=\"swiper-slide-image\" src=\"https:\/\/www.creditotexas.com\/wp-content\/uploads\/2021\/11\/CreditoTexas-Office-3.jpg\" alt=\"Reception\" \/><figcaption class=\"elementor-image-carousel-caption\">Reception<\/figcaption><\/figure><\/div><div class=\"swiper-slide\" role=\"group\" aria-roledescription=\"slide\" aria-label=\"4 of 5\"><figure class=\"swiper-slide-inner\"><img decoding=\"async\" class=\"swiper-slide-image\" src=\"https:\/\/www.creditotexas.com\/wp-content\/uploads\/2021\/11\/CreditoTexas-Office-4.jpg\" alt=\"Conference Room\" \/><figcaption class=\"elementor-image-carousel-caption\">Conference Room<\/figcaption><\/figure><\/div><div class=\"swiper-slide\" role=\"group\" aria-roledescription=\"slide\" aria-label=\"5 of 5\"><figure class=\"swiper-slide-inner\"><img decoding=\"async\" class=\"swiper-slide-image\" src=\"https:\/\/www.creditotexas.com\/wp-content\/uploads\/2021\/11\/CreditoTexas-Office-5.jpg\" alt=\"Small Conference Room\" \/><figcaption class=\"elementor-image-carousel-caption\">Small Conference Room<\/figcaption><\/figure><\/div>\t\t\t<\/div>\n\t\t\t\t\t\t\t\n\t\t\t\t\t\t\t\t\t<div class=\"swiper-pagination\"><\/div>\n\t\t\t\t\t\t\t\t\t<\/div>\n\t\t\t\t<\/div>\n\t\t\t\t<\/div>\n\t\t\t\t\t\t<\/div>\r\n\t\t\t\t\t<\/div>\r\n\t\t\t\t<\/div>\r\n\t\t\t\t\t\t<\/div>\r\n\t\t\t\t\t<\/div>\r\n\t\t\t\t<\/section>\r\n\t\t\t\t<section class=\"elementor-section elementor-top-section elementor-element elementor-element-c341749 elementor-section-boxed elementor-section-height-default elementor-section-height-default\" data-id=\"c341749\" data-element_type=\"section\">\r\n\t\t\t\r\n\t\t\t\t\t\t\t\t\t<div class=\"elementor-container elementor-column-gap-default\">\r\n\t\t\t\t\t\t\t\t<div class=\"elementor-row\">\r\n\t\t\t\t\t\t\t<div class=\"elementor-column elementor-col-50 elementor-top-column elementor-element elementor-element-bd2a2b6\" data-id=\"bd2a2b6\" data-element_type=\"column\">\r\n\r\n\t\t\t\t\t<div class=\"elementor-column-wrap elementor-element-populated\">\r\n\t\t\t\t\t\t\t<div class=\"elementor-widget-wrap\">\r\n\t\t\t\t\t\t<div class=\"elementor-element elementor-element-700d221 m-b-md elementor-widget elementor-widget-heading\" data-id=\"700d221\" data-element_type=\"widget\" data-widget_type=\"heading.default\">\n\t\t\t\t<div class=\"elementor-widget-container\">\n\t\t\t<h2 class=\"elementor-heading-title elementor-size-default\">The place where your credit <b>Gets Repaired!<\/b><\/h2>\t\t<\/div>\n\t\t\t\t<\/div>\n\t\t\t\t<div class=\"elementor-element elementor-element-98b2e21 mb-0 elementor-widget elementor-widget-text-editor\" data-id=\"98b2e21\" data-element_type=\"widget\" data-widget_type=\"text-editor.default\">\n\t\t\t\t<div class=\"elementor-widget-container\">\n\t\t\t\t\t\t\t<p><span style=\"letter-spacing: 0px;\">Cr\u00e9dito Texas te recibe con los brazos abiertos en nuestras nuevas oficinas en Houston, Texas.<\/span><\/p><p>Queremos que nos permitas ayudarte y que seas parte del crecimiento que estamos teniendo. E<span style=\"letter-spacing: 0px;\">stamos desarrollando constantemente m\u00e1s y mejores t\u00e9cnicas, ampliando nuestras operaciones a nuevas \u00e1reas e investigando diferentes tecnolog\u00edas y mercados.<\/span><\/p><p><span style=\"letter-spacing: 0px;\">\u00a0<\/span><\/p>\t\t\t\t\t\t<\/div>\n\t\t\t\t<\/div>\n\t\t\t\t<section class=\"elementor-section elementor-inner-section elementor-element elementor-element-510bd5e elementor-section-boxed elementor-section-height-default elementor-section-height-default\" data-id=\"510bd5e\" data-element_type=\"section\">\r\n\t\t\t\r\n\t\t\t\t\t\t\t\t\t<div class=\"elementor-container elementor-column-gap-default\">\r\n\t\t\t\t\t\t\t\t<div class=\"elementor-row\">\r\n\t\t\t\t\t\t\t<div class=\"elementor-column elementor-col-50 elementor-inner-column elementor-element elementor-element-ce081e6\" data-id=\"ce081e6\" data-element_type=\"column\">\r\n\r\n\t\t\t\t\t<div class=\"elementor-column-wrap elementor-element-populated\">\r\n\t\t\t\t\t\t\t<div class=\"elementor-widget-wrap\">\r\n\t\t\t\t\t\t<div class=\"elementor-element elementor-element-129adcb m-b-md elementor-widget elementor-widget-porto_info_box\" data-id=\"129adcb\" data-element_type=\"widget\" data-widget_type=\"porto_info_box.default\">\n\t\t\t\t<div class=\"elementor-widget-container\">\n\t\t\t<div class=\"porto-sicon-box style_1 left-icon\"><div class=\"porto-sicon-left\"><div class=\"porto-just-icon-wrapper porto-icon none\" style=\"\"><i class=\"fas fa-star\"><\/i><\/div><\/div><div class=\"porto-sicon-body\"><div class=\"porto-sicon-header\"><h3 class=\"porto-sicon-title\" style=\"\">30 years of experience<\/h3><\/div> <!-- header --><div class=\"porto-sicon-description\" style=\"\" ><p>El equipo gerencial de Cr\u00e9dito Texas cuenta con m\u00e1s de 20 a\u00f1os de experiencia en restauraci\u00f3n de cr\u00e9ditos y que se mantenga a largo plazo.<\/p><\/div> <!-- description --><\/div><\/div><!-- porto-sicon-box -->\t\t<\/div>\n\t\t\t\t<\/div>\n\t\t\t\t\t\t<\/div>\r\n\t\t\t\t\t<\/div>\r\n\t\t\t\t<\/div>\r\n\t\t\t\t<div class=\"elementor-column elementor-col-50 elementor-inner-column elementor-element elementor-element-87670e3\" data-id=\"87670e3\" data-element_type=\"column\">\r\n\r\n\t\t\t\t\t<div class=\"elementor-column-wrap elementor-element-populated\">\r\n\t\t\t\t\t\t\t<div class=\"elementor-widget-wrap\">\r\n\t\t\t\t\t\t<div class=\"elementor-element elementor-element-6a5c084 m-b-md elementor-widget elementor-widget-porto_info_box\" data-id=\"6a5c084\" data-element_type=\"widget\" data-widget_type=\"porto_info_box.default\">\n\t\t\t\t<div class=\"elementor-widget-container\">\n\t\t\t<div class=\"porto-sicon-box style_1 left-icon\"><div class=\"porto-sicon-left\"><div class=\"porto-just-icon-wrapper porto-icon none\" style=\"\"><i class=\"fas fa-heart\"><\/i><\/div><\/div><div class=\"porto-sicon-body\"><div class=\"porto-sicon-header\"><h3 class=\"porto-sicon-title\" style=\"\">Our Clients Love Us<\/h3><\/div> <!-- header --><div class=\"porto-sicon-description\" style=\"\" ><p>\u00a1Nuestros clientes nos adoran! Contamos con cientos de referidos, esto gracias a que los beneficios de nuestro servicio te permitir\u00e1n conseguir lo que te propongas.<\/p><\/div> <!-- description --><\/div><\/div><!-- porto-sicon-box -->\t\t<\/div>\n\t\t\t\t<\/div>\n\t\t\t\t\t\t<\/div>\r\n\t\t\t\t\t<\/div>\r\n\t\t\t\t<\/div>\r\n\t\t\t\t\t\t<\/div>\r\n\t\t\t\t\t<\/div>\r\n\t\t\t\t<\/section>\r\n\t\t\t\t<div class=\"elementor-element elementor-element-6673e59 mb-0 elementor-widget elementor-widget-heading\" data-id=\"6673e59\" data-element_type=\"widget\" data-widget_type=\"heading.default\">\n\t\t\t\t<div class=\"elementor-widget-container\">\n\t\t\t<h4 class=\"elementor-heading-title elementor-size-default\">Donde <b>Trabajamos<\/b><\/h4>\t\t<\/div>\n\t\t\t\t<\/div>\n\t\t\t\t<div class=\"elementor-element elementor-element-2524829 zoom-images elementor-widget elementor-widget-image-gallery\" data-id=\"2524829\" data-element_type=\"widget\" data-widget_type=\"image-gallery.default\">\n\t\t\t\t<div class=\"elementor-widget-container\">\n\t\t\t\t\t<div class=\"elementor-image-gallery\">\n\t\t\t<div id='gallery-1' class='gallery galleryid-70 gallery-columns-3 gallery-size-full'><figure class='gallery-item'>\n\t\t\t<div class='gallery-icon landscape'>\n\t\t\t\t<a data-elementor-open-lightbox=\"yes\" data-elementor-lightbox-slideshow=\"2524829\" data-elementor-lightbox-title=\"Creditotexas-Office-1\" data-e-action-hash=\"#elementor-action%3Aaction%3Dlightbox%26settings%3DeyJpZCI6NjU4MywidXJsIjoiaHR0cHM6XC9cL3d3dy5jcmVkaXRvdGV4YXMuY29tXC93cC1jb250ZW50XC91cGxvYWRzXC8yMDIxXC8xMVwvQ3JlZGl0b3RleGFzLU9mZmljZS0xLmpwZyIsInNsaWRlc2hvdyI6IjI1MjQ4MjkifQ%3D%3D\" href='https:\/\/www.creditotexas.com\/wp-content\/uploads\/2021\/11\/Creditotexas-Office-1.jpg'><img fetchpriority=\"high\" decoding=\"async\" width=\"1170\" height=\"450\" src=\"https:\/\/www.creditotexas.com\/wp-content\/uploads\/2021\/11\/Creditotexas-Office-1.jpg\" class=\"attachment-full size-full\" alt=\"\" aria-describedby=\"gallery-1-6583\" srcset=\"https:\/\/www.creditotexas.com\/wp-content\/uploads\/2021\/11\/Creditotexas-Office-1.jpg 1170w, https:\/\/www.creditotexas.com\/wp-content\/uploads\/2021\/11\/Creditotexas-Office-1-1024x394.jpg 1024w, https:\/\/www.creditotexas.com\/wp-content\/uploads\/2021\/11\/Creditotexas-Office-1-768x295.jpg 768w, https:\/\/www.creditotexas.com\/wp-content\/uploads\/2021\/11\/Creditotexas-Office-1-640x246.jpg 640w, https:\/\/www.creditotexas.com\/wp-content\/uploads\/2021\/11\/Creditotexas-Office-1-400x154.jpg 400w, https:\/\/www.creditotexas.com\/wp-content\/uploads\/2021\/11\/Creditotexas-Office-1-367x141.jpg 367w, https:\/\/www.creditotexas.com\/wp-content\/uploads\/2021\/11\/Creditotexas-Office-1-600x231.jpg 600w\" sizes=\"(max-width: 1170px) 100vw, 1170px\" \/><\/a>\n\t\t\t<\/div>\n\t\t\t\t<figcaption class='wp-caption-text gallery-caption' id='gallery-1-6583'>\n\t\t\t\tAerial\n\t\t\t\t<\/figcaption><\/figure><figure class='gallery-item'>\n\t\t\t<div class='gallery-icon landscape'>\n\t\t\t\t<a data-elementor-open-lightbox=\"yes\" data-elementor-lightbox-slideshow=\"2524829\" data-elementor-lightbox-title=\"CreditoTexas-Office-4\" data-e-action-hash=\"#elementor-action%3Aaction%3Dlightbox%26settings%3DeyJpZCI6NjU4MiwidXJsIjoiaHR0cHM6XC9cL3d3dy5jcmVkaXRvdGV4YXMuY29tXC93cC1jb250ZW50XC91cGxvYWRzXC8yMDIxXC8xMVwvQ3JlZGl0b1RleGFzLU9mZmljZS00LmpwZyIsInNsaWRlc2hvdyI6IjI1MjQ4MjkifQ%3D%3D\" href='https:\/\/www.creditotexas.com\/wp-content\/uploads\/2021\/11\/CreditoTexas-Office-4.jpg'><img decoding=\"async\" width=\"1170\" height=\"450\" src=\"https:\/\/www.creditotexas.com\/wp-content\/uploads\/2021\/11\/CreditoTexas-Office-4.jpg\" class=\"attachment-full size-full\" alt=\"\" aria-describedby=\"gallery-1-6582\" srcset=\"https:\/\/www.creditotexas.com\/wp-content\/uploads\/2021\/11\/CreditoTexas-Office-4.jpg 1170w, https:\/\/www.creditotexas.com\/wp-content\/uploads\/2021\/11\/CreditoTexas-Office-4-1024x394.jpg 1024w, https:\/\/www.creditotexas.com\/wp-content\/uploads\/2021\/11\/CreditoTexas-Office-4-768x295.jpg 768w, https:\/\/www.creditotexas.com\/wp-content\/uploads\/2021\/11\/CreditoTexas-Office-4-640x246.jpg 640w, https:\/\/www.creditotexas.com\/wp-content\/uploads\/2021\/11\/CreditoTexas-Office-4-400x154.jpg 400w, https:\/\/www.creditotexas.com\/wp-content\/uploads\/2021\/11\/CreditoTexas-Office-4-367x141.jpg 367w, https:\/\/www.creditotexas.com\/wp-content\/uploads\/2021\/11\/CreditoTexas-Office-4-600x231.jpg 600w\" sizes=\"(max-width: 1170px) 100vw, 1170px\" \/><\/a>\n\t\t\t<\/div>\n\t\t\t\t<figcaption class='wp-caption-text gallery-caption' id='gallery-1-6582'>\n\t\t\t\tConference Room\n\t\t\t\t<\/figcaption><\/figure><figure class='gallery-item'>\n\t\t\t<div class='gallery-icon landscape'>\n\t\t\t\t<a data-elementor-open-lightbox=\"yes\" data-elementor-lightbox-slideshow=\"2524829\" data-elementor-lightbox-title=\"CreditoTexas-Office-5\" data-e-action-hash=\"#elementor-action%3Aaction%3Dlightbox%26settings%3DeyJpZCI6NjU4MSwidXJsIjoiaHR0cHM6XC9cL3d3dy5jcmVkaXRvdGV4YXMuY29tXC93cC1jb250ZW50XC91cGxvYWRzXC8yMDIxXC8xMVwvQ3JlZGl0b1RleGFzLU9mZmljZS01LmpwZyIsInNsaWRlc2hvdyI6IjI1MjQ4MjkifQ%3D%3D\" href='https:\/\/www.creditotexas.com\/wp-content\/uploads\/2021\/11\/CreditoTexas-Office-5.jpg'><img decoding=\"async\" width=\"1170\" height=\"450\" src=\"https:\/\/www.creditotexas.com\/wp-content\/uploads\/2021\/11\/CreditoTexas-Office-5.jpg\" class=\"attachment-full size-full\" alt=\"\" aria-describedby=\"gallery-1-6581\" srcset=\"https:\/\/www.creditotexas.com\/wp-content\/uploads\/2021\/11\/CreditoTexas-Office-5.jpg 1170w, https:\/\/www.creditotexas.com\/wp-content\/uploads\/2021\/11\/CreditoTexas-Office-5-1024x394.jpg 1024w, https:\/\/www.creditotexas.com\/wp-content\/uploads\/2021\/11\/CreditoTexas-Office-5-768x295.jpg 768w, https:\/\/www.creditotexas.com\/wp-content\/uploads\/2021\/11\/CreditoTexas-Office-5-640x246.jpg 640w, https:\/\/www.creditotexas.com\/wp-content\/uploads\/2021\/11\/CreditoTexas-Office-5-400x154.jpg 400w, https:\/\/www.creditotexas.com\/wp-content\/uploads\/2021\/11\/CreditoTexas-Office-5-367x141.jpg 367w, https:\/\/www.creditotexas.com\/wp-content\/uploads\/2021\/11\/CreditoTexas-Office-5-600x231.jpg 600w\" sizes=\"(max-width: 1170px) 100vw, 1170px\" \/><\/a>\n\t\t\t<\/div>\n\t\t\t\t<figcaption class='wp-caption-text gallery-caption' id='gallery-1-6581'>\n\t\t\t\tSmall Conference Room\n\t\t\t\t<\/figcaption><\/figure>\n\t\t<\/div>\n\t\t<\/div>\n\t\t\t\t<\/div>\n\t\t\t\t<\/div>\n\t\t\t\t\t\t<\/div>\r\n\t\t\t\t\t<\/div>\r\n\t\t\t\t<\/div>\r\n\t\t\t\t<div class=\"elementor-column elementor-col-50 elementor-top-column elementor-element elementor-element-c19cbd7\" data-id=\"c19cbd7\" data-element_type=\"column\">\r\n\r\n\t\t\t\t\t<div class=\"elementor-column-wrap elementor-element-populated\">\r\n\t\t\t\t\t\t\t<div class=\"elementor-widget-wrap\">\r\n\t\t\t\t\t\t<div class=\"elementor-element elementor-element-a015c42 m-b-md elementor-widget elementor-widget-heading\" data-id=\"a015c42\" data-element_type=\"widget\" data-widget_type=\"heading.default\">\n\t\t\t\t<div class=\"elementor-widget-container\">\n\t\t\t<h4 class=\"elementor-heading-title elementor-size-default\">Our <b>Location<\/b><\/h4>\t\t<\/div>\n\t\t\t\t<\/div>\n\t\t\t\t<div class=\"elementor-element elementor-element-02e45e4 gmap-rounded p-b-md m-b elementor-widget elementor-widget-google_maps\" data-id=\"02e45e4\" data-element_type=\"widget\" data-widget_type=\"google_maps.default\">\n\t\t\t\t<div class=\"elementor-widget-container\">\n\t\t\t\t\t<div class=\"elementor-custom-embed\">\n\t\t\t<iframe loading=\"lazy\"\n\t\t\t\t\tsrc=\"https:\/\/maps.google.com\/maps?q=3663%20N.%20Sam%20Houston%20Parkway%20East%2C%20Ste.%20600%20Houston%2C%20TX%2077032%E2%80%8B&#038;t=m&#038;z=11&#038;output=embed&#038;iwloc=near\"\n\t\t\t\t\ttitle=\"3663 N. Sam Houston Parkway East, Ste. 600 Houston, TX 77032\u200b\"\n\t\t\t\t\taria-label=\"3663 N. Sam Houston Parkway East, Ste. 600 Houston, TX 77032\u200b\"\n\t\t\t><\/iframe>\n\t\t<\/div>\n\t\t\t\t<\/div>\n\t\t\t\t<\/div>\n\t\t\t\t<div class=\"elementor-element elementor-element-1b99592 m-b-md elementor-widget elementor-widget-porto_info_box\" data-id=\"1b99592\" data-element_type=\"widget\" data-widget_type=\"porto_info_box.default\">\n\t\t\t\t<div class=\"elementor-widget-container\">\n\t\t\t<div class=\"porto-sicon-box style_1 default-icon\"><div class=\"porto-sicon-default\"><div class=\"porto-just-icon-wrapper porto-icon circle\" style=\"\"><i class=\"fas fa-map-marker-alt\"><\/i><\/div><\/div><div class=\"porto-sicon-header\"><h3 class=\"porto-sicon-title\" style=\"\"><b class=\"text-dark\">Address:<\/b> 3663 N. Sam Houston Parkway East, Ste. 620<br>Houston, TX 77032<\/h3><\/div> <!-- header --><\/div><!-- porto-sicon-box -->\t\t<\/div>\n\t\t\t\t<\/div>\n\t\t\t\t<div class=\"elementor-element elementor-element-14d2df3 m-b-md elementor-widget elementor-widget-porto_info_box\" data-id=\"14d2df3\" data-element_type=\"widget\" data-widget_type=\"porto_info_box.default\">\n\t\t\t\t<div class=\"elementor-widget-container\">\n\t\t\t<div class=\"porto-sicon-box style_1 default-icon\"><div class=\"porto-sicon-default\"><div class=\"porto-just-icon-wrapper porto-icon circle\" style=\"\"><i class=\"fas fa-phone\"><\/i><\/div><\/div><div class=\"porto-sicon-header\"><h3 class=\"porto-sicon-title\" style=\"\"><b>Phone:<\/b> (346) 842-1647<\/h3><\/div> <!-- header --><\/div><!-- porto-sicon-box -->\t\t<\/div>\n\t\t\t\t<\/div>\n\t\t\t\t<div class=\"elementor-element elementor-element-135a02c mb-4 elementor-widget elementor-widget-porto_info_box\" data-id=\"135a02c\" data-element_type=\"widget\" data-widget_type=\"porto_info_box.default\">\n\t\t\t\t<div class=\"elementor-widget-container\">\n\t\t\t<div class=\"porto-sicon-box style_1 default-icon\"><div class=\"porto-sicon-default\"><div class=\"porto-just-icon-wrapper porto-icon circle\" style=\"\"><i class=\"fas fa-envelope\"><\/i><\/div><\/div><div class=\"porto-sicon-header\"><h3 class=\"porto-sicon-title\" style=\"\"><b>Email:<\/b><a href=\"mailto:info@creditotexas.com\"> info@creditotexas.com<\/h3><\/div> <!-- header --><\/div><!-- porto-sicon-box -->\t\t<\/div>\n\t\t\t\t<\/div>\n\t\t\t\t<div class=\"elementor-element elementor-element-897d93b mb-0 elementor-widget elementor-widget-heading\" data-id=\"897d93b\" data-element_type=\"widget\" data-widget_type=\"heading.default\">\n\t\t\t\t<div class=\"elementor-widget-container\">\n\t\t\t<h4 class=\"elementor-heading-title elementor-size-default\">Office Hours<\/h4>\t\t<\/div>\n\t\t\t\t<\/div>\n\t\t\t\t<div class=\"elementor-element elementor-element-ab70300 m-b-md elementor-widget elementor-widget-porto_info_box\" data-id=\"ab70300\" data-element_type=\"widget\" data-widget_type=\"porto_info_box.default\">\n\t\t\t\t<div class=\"elementor-widget-container\">\n\t\t\t<div class=\"porto-sicon-box style_1 default-icon\"><div class=\"porto-sicon-default\"><div class=\"porto-just-icon-wrapper porto-icon none\" style=\"\"><i class=\"far fa-clock\"><\/i><\/div><\/div><div class=\"porto-sicon-header\"><h3 class=\"porto-sicon-title\" style=\"\">Monday - Friday 9am to 5pm<\/h3><\/div> <!-- header --><\/div><!-- porto-sicon-box -->\t\t<\/div>\n\t\t\t\t<\/div>\n\t\t\t\t<div class=\"elementor-element elementor-element-9592d05 m-b-md elementor-widget elementor-widget-porto_info_box\" data-id=\"9592d05\" data-element_type=\"widget\" data-widget_type=\"porto_info_box.default\">\n\t\t\t\t<div class=\"elementor-widget-container\">\n\t\t\t<div class=\"porto-sicon-box style_1 default-icon\"><div class=\"porto-sicon-default\"><div class=\"porto-just-icon-wrapper porto-icon none\" style=\"\"><i class=\"far fa-clock\"><\/i><\/div><\/div><div class=\"porto-sicon-header\"><h3 class=\"porto-sicon-title\" style=\"\">Saturday - 9am to 2pm<\/h3><\/div> <!-- header --><\/div><!-- porto-sicon-box -->\t\t<\/div>\n\t\t\t\t<\/div>\n\t\t\t\t<div class=\"elementor-element elementor-element-10abaa4 m-b-md elementor-widget elementor-widget-porto_info_box\" data-id=\"10abaa4\" data-element_type=\"widget\" data-widget_type=\"porto_info_box.default\">\n\t\t\t\t<div class=\"elementor-widget-container\">\n\t\t\t<div class=\"porto-sicon-box style_1 default-icon\"><div class=\"porto-sicon-default\"><div class=\"porto-just-icon-wrapper porto-icon none\" style=\"\"><i class=\"far fa-clock\"><\/i><\/div><\/div><div class=\"porto-sicon-header\"><h3 class=\"porto-sicon-title\" style=\"\">Sunday - Closed<\/h3><\/div> <!-- header --><\/div><!-- porto-sicon-box -->\t\t<\/div>\n\t\t\t\t<\/div>\n\t\t\t\t\t\t<\/div>\r\n\t\t\t\t\t<\/div>\r\n\t\t\t\t<\/div>\r\n\t\t\t\t\t\t<\/div>\r\n\t\t\t\t\t<\/div>\r\n\t\t\t\t<\/section>\r\n\t\t\t\t<\/div>","protected":false},"excerpt":{"rendered":"<p>Front Aerial Reception Conference Room Small Conference Room El lugar donde tu cr\u00e9dito Se Repara! Cr\u00e9dito Texas te recibe con los brazos abiertos en nuestras nuevas oficinas en Houston, Texas. Queremos que nos permitas ayudarte y que seas parte del crecimiento que estamos teniendo. Estamos desarrollando constantemente m\u00e1s y mejores t\u00e9cnicas, ampliando nuestras operaciones a [&hellip;]<\/p>","protected":false},"author":1,"featured_media":0,"parent":0,"menu_order":0,"comment_status":"closed","ping_status":"closed","template":"","meta":{"_mo_disable_npp":"","footnotes":""},"class_list":["post-70","page","type-page","status-publish","hentry"],"_links":{"self":[{"href":"https:\/\/www.creditotexas.com\/en\/wp-json\/wp\/v2\/pages\/70","targetHints":{"allow":["GET"]}}],"collection":[{"href":"https:\/\/www.creditotexas.com\/en\/wp-json\/wp\/v2\/pages"}],"about":[{"href":"https:\/\/www.creditotexas.com\/en\/wp-json\/wp\/v2\/types\/page"}],"author":[{"embeddable":true,"href":"https:\/\/www.creditotexas.com\/en\/wp-json\/wp\/v2\/users\/1"}],"replies":[{"embeddable":true,"href":"https:\/\/www.creditotexas.com\/en\/wp-json\/wp\/v2\/comments?post=70"}],"version-history":[{"count":107,"href":"https:\/\/www.creditotexas.com\/en\/wp-json\/wp\/v2\/pages\/70\/revisions"}],"predecessor-version":[{"id":7160,"href":"https:\/\/www.creditotexas.com\/en\/wp-json\/wp\/v2\/pages\/70\/revisions\/7160"}],"wp:attachment":[{"href":"https:\/\/www.creditotexas.com\/en\/wp-json\/wp\/v2\/media?parent=70"}],"curies":[{"name":"wp","href":"https:\/\/api.w.org\/{rel}","templated":true}]}}